{"id":37,"date":"2009-04-09T20:50:43","date_gmt":"2009-04-09T19:50:43","guid":{"rendered":"http:\/\/www.roesler-schmiele-gmbh.de\/cms\/?page_id=37"},"modified":"2022-11-25T11:47:18","modified_gmt":"2022-11-25T10:47:18","slug":"impressum","status":"publish","type":"page","link":"https:\/\/www.roesler-schmiele-gmbh.de\/cms\/kontakt\/impressum\/","title":{"rendered":"Impressum"},"content":{"rendered":"<p>[et_pb_section fb_built=&#8220;1&#8243; admin_label=&#8220;About Us&#8220; _builder_version=&#8220;4.16&#8243; global_colors_info=&#8220;{}&#8220;][et_pb_row _builder_version=&#8220;4.16&#8243; global_colors_info=&#8220;{}&#8220;][et_pb_column type=&#8220;4_4&#8243; _builder_version=&#8220;4.16&#8243; custom_padding=&#8220;|||&#8220; global_colors_info=&#8220;{}&#8220; custom_padding__hover=&#8220;|||&#8220;][et_pb_text _builder_version=&#8220;4.19.1&#8243; text_font=&#8220;||||||||&#8220; header_font=&#8220;||||||||&#8220; header_2_font=&#8220;Rubik|700|||||||&#8220; header_2_font_size=&#8220;42px&#8220; header_2_line_height=&#8220;1.2em&#8220; text_orientation=&#8220;center&#8220; module_alignment=&#8220;center&#8220; custom_margin=&#8220;|||&#8220; custom_padding=&#8220;|||&#8220; hover_enabled=&#8220;0&#8243; header_2_font_size_tablet=&#8220;&#8220; header_2_font_size_phone=&#8220;36px&#8220; header_2_font_size_last_edited=&#8220;on|phone&#8220; locked=&#8220;off&#8220; global_colors_info=&#8220;{}&#8220; sticky_enabled=&#8220;0&#8243;]<\/p>\n<h2>Impressum\/ Datenschutz<\/h2>\n<p>[\/et_pb_text][et_pb_divider color=&#8220;#7CDA24&#8243; divider_position=&#8220;center&#8220; divider_weight=&#8220;5px&#8220; _builder_version=&#8220;4.19.1&#8243; max_width=&#8220;50px&#8220; module_alignment=&#8220;center&#8220; hover_enabled=&#8220;0&#8243; locked=&#8220;off&#8220; global_colors_info=&#8220;{}&#8220; sticky_enabled=&#8220;0&#8243;][\/et_pb_divider][\/et_pb_column][\/et_pb_row][et_pb_row _builder_version=&#8220;4.19.1&#8243; hover_enabled=&#8220;0&#8243; global_colors_info=&#8220;{}&#8220; sticky_enabled=&#8220;0&#8243;][et_pb_column type=&#8220;4_4&#8243; _builder_version=&#8220;4.16&#8243; custom_padding=&#8220;|||&#8220; global_colors_info=&#8220;{}&#8220; custom_padding__hover=&#8220;|||&#8220;][et_pb_text _builder_version=&#8220;4.19.1&#8243; text_font=&#8220;||||||||&#8220; text_font_size=&#8220;15px&#8220; text_line_height=&#8220;1.8em&#8220; custom_padding=&#8220;|||&#8220; custom_padding_tablet=&#8220;|40px||40px||true&#8220; custom_padding_last_edited=&#8220;off|desktop&#8220; hover_enabled=&#8220;0&#8243; global_colors_info=&#8220;{}&#8220; sticky_enabled=&#8220;0&#8243;]<\/p>\n<p>R\u00f6sler &amp; Schmiele GmbH<br \/>Calenberger Stra\u00dfe 33<br \/>D-31171 Nordstemmen<\/p>\n<p>Tel.: 05069\/2514<br \/>Fax: 05069\/3000<br \/>E-Mail: <a href=\"mailto:info@roesler-schmiele-gmbh.de\">info@roesler-schmiele-gmbh.de<\/a><br \/>Internet: <a href=\"http:\/\/www.roesler-schmiele-gmbh.de\">www.roesler-schmiele-gmbh.de<\/a><\/p>\n<p>Gesch\u00e4ftsform: GmbH<br \/>Gesch\u00e4ftsf\u00fchrer: Hans-J\u00f6rg R\u00f6sler und Ren\u00e9 Schmiele<br \/>Zust\u00e4ndige Aufsichtsbeh\u00f6rde: Berufsgenossenschaft Chemie<br \/>Handelsregister: Amtsgericht Elz, HRB 105<br \/>Angeh\u00f6rige Kammer: IHK<br \/>Umsatzsteuer-Identifikationsnummer gem\u00e4\u00df \u00a7 27 a Umsatzsteuergesetz: DE 115971184<\/p>\n<h2>Datenschutzerkl\u00e4rung<\/h2>\n<p>Wir, die\u00a0R\u00f6sler\u00a0&amp; Schmiele GmbH\u00a0nehmen den Schutz Ihrer pers\u00f6nlichen Daten sehr ernst und halten uns strikt an die Regeln der Datenschutzgesetze. Personenbezogene Daten werden auf dieser Webseite nur im technisch notwendigen Umfang erhoben. In keinem Fall werden die erhobenen Daten verkauft oder aus anderen Gr\u00fcnden an Dritte weitergegeben.<\/p>\n<p>Die nachfolgende Erkl\u00e4rung gibt Ihnen einen \u00dcberblick dar\u00fcber, wie wir diesen Schutz gew\u00e4hrleisten und welche Art von Daten zu welchem Zweck erhoben werden.<\/p>\n<h3>Datenverarbeitung auf dieser Internetseite<\/h3>\n<p>Die\u00a0R\u00f6sler\u00a0&amp; Schmiele GmbH\u00a0erhebt und speichert automatisch in ihren Server Log Files Informationen, die Ihr Browser an uns \u00fcbermittelt. Dies sind:<\/p>\n<ul>\n<li>Browsertyp\/ -version<\/li>\n<li>verwendetes Betriebssystem<\/li>\n<li>Referrer URL (die zuvor besuchte Seite)<\/li>\n<li>Hostname des zugreifenden Rechners (IP Adresse)<\/li>\n<li>Uhrzeit der Serveranfrage.<\/li>\n<\/ul>\n<p>Diese Daten sind f\u00fcr die R\u00f6sler &amp; Schmiele GmbH nicht bestimmten Personen zuordenbar. Eine Zusammenf\u00fchrung dieser Daten mit anderen Datenquellen wird nicht vorgenommen, die Daten werden zudem nach einer statistischen Auswertung gel\u00f6scht.<\/p>\n<h3>Auskunftsrecht<\/h3>\n<p>Sie haben jederzeit das Recht auf Auskunft \u00fcber die bez\u00fcglich Ihrer Person gespeicherten Daten, deren Herkunft und Empf\u00e4nger sowie den Zweck der Speicherung. Auskunft \u00fcber die gespeicherten Daten gibt der Datenschutzbeauftragte (<a href=\"mailto:info@roesler-schmiele-gmbh.de\">info@roesler-schmiele-gmbh.de<\/a>).<\/p>\n<h3>Weitere Informationen<\/h3>\n<p>Ihr Vertrauen ist uns wichtig. Daher m\u00f6chten wir Ihnen jederzeit Rede und Antwort bez\u00fcglich der Verarbeitung Ihrer personenbezogenen Daten stehen. Wenn Sie Fragen haben, die Ihnen diese Datenschutzerkl\u00e4rung nicht beantworten konnte oder wenn Sie zu einem Punkt vertiefte Informationen w\u00fcnschen, wenden Sie sich bitte jederzeit an den Datenschutzbeauftragten (<a href=\"mailto:info@roesler-schmiele-gmbh.de\">info@roesler-schmiele-gmbh.de<\/a>).<\/p>\n<p>[\/et_pb_text][\/et_pb_column][\/et_pb_row][\/et_pb_section]<\/p>\n","protected":false},"excerpt":{"rendered":"<p>Impressum\/ DatenschutzR\u00f6sler &amp; Schmiele GmbHCalenberger Stra\u00dfe 33D-31171 Nordstemmen Tel.: 05069\/2514Fax: 05069\/3000E-Mail: info@roesler-schmiele-gmbh.deInternet: www.roesler-schmiele-gmbh.de Gesch\u00e4ftsform: GmbHGesch\u00e4ftsf\u00fchrer: Hans-J\u00f6rg R\u00f6sler und Ren\u00e9 SchmieleZust\u00e4ndige Aufsichtsbeh\u00f6rde: Berufsgenossenschaft ChemieHandelsregister: Amtsgericht Elz, HRB 105Angeh\u00f6rige Kammer: IHKUmsatzsteuer-Identifikationsnummer gem\u00e4\u00df \u00a7 27 a Umsatzsteuergesetz: DE 115971184 Datenschutzerkl\u00e4rung Wir, die\u00a0R\u00f6sler\u00a0&amp; Schmiele GmbH\u00a0nehmen den Schutz Ihrer pers\u00f6nlichen Daten sehr ernst und halten uns strikt an die Regeln [&hellip;]<\/p>\n","protected":false},"author":1,"featured_media":0,"parent":19,"menu_order":0,"comment_status":"open","ping_status":"open","template":"","meta":{"_et_pb_use_builder":"on","_et_pb_old_content":"R\u00f6sler &amp; Schmiele GmbH\nCalenberger Stra\u00dfe 33\nD-31171 Nordstemmen\n\nTel.: 05069\/2514\nFax: 05069\/3000\nE-Mail: <a href=\"mailto:info@roesler-schmiele-gmbh.de\">info@roesler-schmiele-gmbh.de<\/a>\nInternet: <a href=\"http:\/\/www.roesler-schmiele-gmbh.de\">www.roesler-schmiele-gmbh.de<\/a>\n\nGesch\u00e4ftsform: GmbH\nGesch\u00e4ftsf\u00fchrer: Hans-J\u00f6rg R\u00f6sler und Ren\u00e9 Schmiele\nZust\u00e4ndige Aufsichtsbeh\u00f6rde: Berufsgenossenschaft Chemie\nHandelsregister: Amtsgericht Elz, HRB 105\nAngeh\u00f6rige Kammer: IHK\nUmsatzsteuer-Identifikationsnummer gem\u00e4\u00df \u00a7 27 a Umsatzsteuergesetz: DE 115971184\n<h2>Datenschutzerkl\u00e4rung<\/h2>\nWir, die\u00a0R\u00f6sler\u00a0&amp; Schmiele GmbH\u00a0nehmen den Schutz Ihrer pers\u00f6nlichen Daten sehr ernst und halten uns strikt an die Regeln der Datenschutzgesetze. Personenbezogene Daten werden auf dieser Webseite nur im technisch notwendigen Umfang erhoben. In keinem Fall werden die erhobenen Daten verkauft oder aus anderen Gr\u00fcnden an Dritte weitergegeben.\n\nDie nachfolgende Erkl\u00e4rung gibt Ihnen einen \u00dcberblick dar\u00fcber, wie wir diesen Schutz gew\u00e4hrleisten und welche Art von Daten zu welchem Zweck erhoben werden.\n<h3>Datenverarbeitung auf dieser Internetseite<\/h3>\nDie\u00a0R\u00f6sler\u00a0&amp; Schmiele GmbH\u00a0erhebt und speichert automatisch in ihren Server Log Files Informationen, die Ihr Browser an uns \u00fcbermittelt. Dies sind:\n<ul>\n \t<li>Browsertyp\/ -version<\/li>\n \t<li>verwendetes Betriebssystem<\/li>\n \t<li>Referrer URL (die zuvor besuchte Seite)<\/li>\n \t<li>Hostname des zugreifenden Rechners (IP Adresse)<\/li>\n \t<li>Uhrzeit der Serveranfrage.<\/li>\n<\/ul>\nDiese Daten sind f\u00fcr die R\u00f6sler &amp; Schmiele GmbH nicht bestimmten Personen zuordenbar. Eine Zusammenf\u00fchrung dieser Daten mit anderen Datenquellen wird nicht vorgenommen, die Daten werden zudem nach einer statistischen Auswertung gel\u00f6scht.\n<h3>Auskunftsrecht<\/h3>\nSie haben jederzeit das Recht auf Auskunft \u00fcber die bez\u00fcglich Ihrer Person gespeicherten Daten, deren Herkunft und Empf\u00e4nger sowie den Zweck der Speicherung. Auskunft \u00fcber die gespeicherten Daten gibt der Datenschutzbeauftragte (<a href=\"mailto:info@roesler-schmiele-gmbh.de\">info@roesler-schmiele-gmbh.de<\/a>).\n<h3>Weitere Informationen<\/h3>\nIhr Vertrauen ist uns wichtig. Daher m\u00f6chten wir Ihnen jederzeit Rede und Antwort bez\u00fcglich der Verarbeitung Ihrer personenbezogenen Daten stehen. Wenn Sie Fragen haben, die Ihnen diese Datenschutzerkl\u00e4rung nicht beantworten konnte oder wenn Sie zu einem Punkt vertiefte Informationen w\u00fcnschen, wenden Sie sich bitte jederzeit an den Datenschutzbeauftragten (<a href=\"mailto:info@roesler-schmiele-gmbh.de\">info@roesler-schmiele-gmbh.de<\/a>).","_et_gb_content_width":""},"_links":{"self":[{"href":"https:\/\/www.roesler-schmiele-gmbh.de\/cms\/wp-json\/wp\/v2\/pages\/37"}],"collection":[{"href":"https:\/\/www.roesler-schmiele-gmbh.de\/cms\/wp-json\/wp\/v2\/pages"}],"about":[{"href":"https:\/\/www.roesler-schmiele-gmbh.de\/cms\/wp-json\/wp\/v2\/types\/page"}],"author":[{"embeddable":true,"href":"https:\/\/www.roesler-schmiele-gmbh.de\/cms\/wp-json\/wp\/v2\/users\/1"}],"replies":[{"embeddable":true,"href":"https:\/\/www.roesler-schmiele-gmbh.de\/cms\/wp-json\/wp\/v2\/comments?post=37"}],"version-history":[{"count":13,"href":"https:\/\/www.roesler-schmiele-gmbh.de\/cms\/wp-json\/wp\/v2\/pages\/37\/revisions"}],"predecessor-version":[{"id":284,"href":"https:\/\/www.roesler-schmiele-gmbh.de\/cms\/wp-json\/wp\/v2\/pages\/37\/revisions\/284"}],"up":[{"embeddable":true,"href":"https:\/\/www.roesler-schmiele-gmbh.de\/cms\/wp-json\/wp\/v2\/pages\/19"}],"wp:attachment":[{"href":"https:\/\/www.roesler-schmiele-gmbh.de\/cms\/wp-json\/wp\/v2\/media?parent=37"}],"curies":[{"name":"wp","href":"https:\/\/api.w.org\/{rel}","templated":true}]}}